{"id":272,"date":"2022-02-01T16:46:47","date_gmt":"2022-02-01T15:46:47","guid":{"rendered":"https:\/\/beta.steiger-beratung.ch\/?page_id=272"},"modified":"2022-02-01T16:49:47","modified_gmt":"2022-02-01T15:49:47","slug":"beratungsablauf","status":"publish","type":"page","link":"https:\/\/beta.steiger-beratung.ch\/?page_id=272","title":{"rendered":"Beratungsablauf"},"content":{"rendered":"\n<ul class=\"wp-block-list\"><li>Kontaktaufnahme per Mail, Telefon oder Kontaktformular<\/li><li>Erstgespr\u00e4ch:<ul><li>Kennen lernen, Anliegen\/Problem vorstellen<\/li><li>M\u00f6glichkeiten der Beratung und Erwartungen\/Vorstellungen kl\u00e4ren<\/li><li>Wir entscheiden gemeinsam, ob Sie das Angebot wahrnehmen wollen und erstellen einen Kontrakt \/ eine Zusammenarbeitsvereinbarung.<\/li><\/ul><\/li><li>Ziel und Auftragskl\u00e4rung:<ul><li>In einem (oder mehreren) weiteren Gespr\u00e4ch kl\u00e4ren wir Ihr Anliegen genauer und vereinbaren Ziele.<\/li><\/ul><\/li><li>Beratungsprozess:<ul><li>Wir erarbeiten gemeinsam L\u00f6sungsschritte, welche zu Ihrem Anliegen und Ihrer pers\u00f6nlichen Situation passen.<\/li><li>Ver\u00e4nderungen brauchen Zeit, Neue Dinge auszuprobieren ben\u00f6tigt \u00dcbung. Wie lange ein Beratungsprozess dauert, kann oft nicht von Beginn weg definiert werden. Gemeinsam \u00fcberpr\u00fcfen wir den Prozess und die Zielsetzungen regelm\u00e4ssig.<\/li><\/ul><\/li><li>Ende des Beratungsprozesses, Zielerreichung:<ul><li>Ob Sie bereits nach einigen wenigen Gespr\u00e4chen mit der Ver\u00e4nderung zufrieden sind, oder ob Sie eine l\u00e4ngere Begleitung w\u00fcnschen, h\u00e4ngt von Ihren W\u00fcnschen und Zielsetzungen ab.<\/li><li>Ein Abschlussgespr\u00e4ch dient dem R\u00fcckblick auf den Beratungsprozess<\/li><\/ul><\/li><\/ul>\n","protected":false},"excerpt":{"rendered":"<p>Kontaktaufnahme per Mail, Telefon oder Kontaktformular Erstgespr\u00e4ch: Kennen lernen, Anliegen\/Problem vorstellen M\u00f6glichkeiten der Beratung und Erwartungen\/Vorstellungen kl\u00e4ren Wir entscheiden gemeinsam, ob Sie das Angebot wahrnehmen wollen und erstellen einen Kontrakt \/ eine Zusammenarbeitsvereinbarung. Ziel und Auftragskl\u00e4rung: In einem (oder mehreren) weiteren Gespr\u00e4ch kl\u00e4ren wir Ihr Anliegen genauer und vereinbaren Ziele. Beratungsprozess: Wir erarbeiten gemeinsam L\u00f6sungsschritte, &hellip; <\/p>\n<p class=\"link-more\"><a href=\"https:\/\/beta.steiger-beratung.ch\/?page_id=272\" class=\"more-link\"><span class=\"screen-reader-text\">&#171;Beratungsablauf&#187;<\/span> weiterlesen<\/a><\/p>\n","protected":false},"author":1,"featured_media":0,"parent":0,"menu_order":0,"comment_status":"closed","ping_status":"closed","template":"","meta":{"footnotes":""},"class_list":["post-272","page","type-page","status-publish","hentry"],"_links":{"self":[{"href":"https:\/\/beta.steiger-beratung.ch\/index.php?rest_route=\/wp\/v2\/pages\/272","targetHints":{"allow":["GET"]}}],"collection":[{"href":"https:\/\/beta.steiger-beratung.ch\/index.php?rest_route=\/wp\/v2\/pages"}],"about":[{"href":"https:\/\/beta.steiger-beratung.ch\/index.php?rest_route=\/wp\/v2\/types\/page"}],"author":[{"embeddable":true,"href":"https:\/\/beta.steiger-beratung.ch\/index.php?rest_route=\/wp\/v2\/users\/1"}],"replies":[{"embeddable":true,"href":"https:\/\/beta.steiger-beratung.ch\/index.php?rest_route=%2Fwp%2Fv2%2Fcomments&post=272"}],"version-history":[{"count":2,"href":"https:\/\/beta.steiger-beratung.ch\/index.php?rest_route=\/wp\/v2\/pages\/272\/revisions"}],"predecessor-version":[{"id":275,"href":"https:\/\/beta.steiger-beratung.ch\/index.php?rest_route=\/wp\/v2\/pages\/272\/revisions\/275"}],"wp:attachment":[{"href":"https:\/\/beta.steiger-beratung.ch\/index.php?rest_route=%2Fwp%2Fv2%2Fmedia&parent=272"}],"curies":[{"name":"wp","href":"https:\/\/api.w.org\/{rel}","templated":true}]}}