{"id":39,"date":"2021-01-08T18:28:20","date_gmt":"2021-01-08T17:28:20","guid":{"rendered":"https:\/\/beta.steiger-beratung.ch\/?page_id=39"},"modified":"2022-02-01T17:15:36","modified_gmt":"2022-02-01T16:15:36","slug":"willkommen","status":"publish","type":"page","link":"https:\/\/beta.steiger-beratung.ch\/","title":{"rendered":"Willkommen"},"content":{"rendered":"\n<p><strong>Beratung &#8211; Coaching &#8211; Supervision<\/strong><\/p>\n\n\n\n<p>\u200bIch unterst\u00fctze Kinder, Jugendliche und Erwachsene bei individuellen Themen, sowie in schwierigen und herausfordernden Lebenssituationen.<\/p>\n\n\n\n<p>Weiter biete ich f\u00fcr Teams, Institutionen oder Einzelpersonen mit beruflichen Anliegen Beratung, Coaching und Teamentwicklung an.<\/p>\n\n\n\n<p>In meiner Beratung biete ich Ihnen Zeit und Raum, damit Sie sich ganz Ihren Anliegen widmen k\u00f6nnen. Das Ziel der Beratung ist, dass Sie f\u00fcr sich passende L\u00f6sungswege finden, dabei begleite ich Sie auf Ihrem Prozess. Auf Augenh\u00f6he und mit Wertsch\u00e4tzung.<\/p>\n\n\n\n<p>Lassen Sie uns ein Teil des Weges gemeinsam gehen.<\/p>\n\n\n\n<p>Genauere Informationen zu den verschiedenen Angeboten entnehmen Sie dieser Homepage. F\u00fcr individuelle Fragestellungen, kontaktieren Sie mich.<\/p>\n\n\n\n<p>Ich freue mich auf Ihre Kontaktaufnahme!<\/p>\n","protected":false},"excerpt":{"rendered":"<p>Beratung &#8211; Coaching &#8211; Supervision \u200bIch unterst\u00fctze Kinder, Jugendliche und Erwachsene bei individuellen Themen, sowie in schwierigen und herausfordernden Lebenssituationen. Weiter biete ich f\u00fcr Teams, Institutionen oder Einzelpersonen mit beruflichen Anliegen Beratung, Coaching und Teamentwicklung an. In meiner Beratung biete ich Ihnen Zeit und Raum, damit Sie sich ganz Ihren Anliegen widmen k\u00f6nnen. Das Ziel &hellip; <\/p>\n<p class=\"link-more\"><a href=\"https:\/\/beta.steiger-beratung.ch\/\" class=\"more-link\"><span class=\"screen-reader-text\">&#171;Willkommen&#187;<\/span> weiterlesen<\/a><\/p>\n","protected":false},"author":1,"featured_media":0,"parent":0,"menu_order":1,"comment_status":"closed","ping_status":"closed","template":"","meta":{"footnotes":""},"class_list":["post-39","page","type-page","status-publish","hentry"],"_links":{"self":[{"href":"https:\/\/beta.steiger-beratung.ch\/index.php?rest_route=\/wp\/v2\/pages\/39","targetHints":{"allow":["GET"]}}],"collection":[{"href":"https:\/\/beta.steiger-beratung.ch\/index.php?rest_route=\/wp\/v2\/pages"}],"about":[{"href":"https:\/\/beta.steiger-beratung.ch\/index.php?rest_route=\/wp\/v2\/types\/page"}],"author":[{"embeddable":true,"href":"https:\/\/beta.steiger-beratung.ch\/index.php?rest_route=\/wp\/v2\/users\/1"}],"replies":[{"embeddable":true,"href":"https:\/\/beta.steiger-beratung.ch\/index.php?rest_route=%2Fwp%2Fv2%2Fcomments&post=39"}],"version-history":[{"count":22,"href":"https:\/\/beta.steiger-beratung.ch\/index.php?rest_route=\/wp\/v2\/pages\/39\/revisions"}],"predecessor-version":[{"id":279,"href":"https:\/\/beta.steiger-beratung.ch\/index.php?rest_route=\/wp\/v2\/pages\/39\/revisions\/279"}],"wp:attachment":[{"href":"https:\/\/beta.steiger-beratung.ch\/index.php?rest_route=%2Fwp%2Fv2%2Fmedia&parent=39"}],"curies":[{"name":"wp","href":"https:\/\/api.w.org\/{rel}","templated":true}]}}