{"id":45,"date":"2021-01-08T18:32:45","date_gmt":"2021-01-08T17:32:45","guid":{"rendered":"https:\/\/beta.steiger-beratung.ch\/?page_id=45"},"modified":"2022-01-28T10:16:55","modified_gmt":"2022-01-28T09:16:55","slug":"ueber-mich","status":"publish","type":"page","link":"https:\/\/beta.steiger-beratung.ch\/?page_id=45","title":{"rendered":"\u00dcber mich"},"content":{"rendered":"\n<div class=\"wp-block-image is-style-default\"><figure class=\"alignleft size-large is-resized\"><img loading=\"lazy\" decoding=\"async\" src=\"https:\/\/beta.steiger-beratung.ch\/wp-content\/uploads\/2021\/01\/fc168d_68d711ada9014e00bf327d9d9837a9b9_mv2_d_3425_4724_s_4_2.jpg\" alt=\"\" class=\"wp-image-101\" width=\"248\" height=\"339\" srcset=\"https:\/\/beta.steiger-beratung.ch\/wp-content\/uploads\/2021\/01\/fc168d_68d711ada9014e00bf327d9d9837a9b9_mv2_d_3425_4724_s_4_2.jpg 310w, https:\/\/beta.steiger-beratung.ch\/wp-content\/uploads\/2021\/01\/fc168d_68d711ada9014e00bf327d9d9837a9b9_mv2_d_3425_4724_s_4_2-219x300.jpg 219w\" sizes=\"auto, (max-width: 248px) 100vw, 248px\" \/><figcaption><strong>CAROLE STEIGER<\/strong><br><\/figcaption><\/figure><\/div>\n\n\n\n<p><strong>Tel.<\/strong> +41 (0)79 455 50 33<\/p>\n\n\n\n<p> <strong>E-Mail<\/strong>: info@steiger-beratung.ch<\/p>\n\n\n\n<p><\/p>\n\n\n\n<p><strong>Zur Person<\/strong><\/p>\n\n\n\n<p>Ich lebe in Basel und geniesse die Stadt am Rhein. Ob beim Sport, mit einem guten Buch oder in Gespr\u00e4chen mit den unterschiedlichsten Menschen, f\u00fcr mich gibt es immer Etwas zu entdecken.<\/p>\n\n\n\n<p>Als (systemische) Beraterin m\u00f6chte ich Sie auf Ihrem Weg begleiten, Ihre Anliegen zu bearbeiten, Neues zu Entdecken, Ihre pers\u00f6nlichen W\u00fcnsche zu leben und Zufriedenheit zu erfahren. In der individuellen Begleitung setzen Sie sich mit Ihren Themen auseinander und k\u00f6nnen f\u00fcr sich neue Perspektiven er\u00f6ffnen. Dies kann zu einem zufriedeneren Leben f\u00fchren. In jedem Mensch stecken die F\u00e4higkeiten und Ressourcen, die es braucht, um L\u00f6sungen f\u00fcr Probleme zu finden. Manchmal braucht es einfach auch eine Begleitung, um einen Weg zu gehen, hierbei unterst\u00fctze ich Sie mit verschiedenen Methoden.<\/p>\n\n\n\n<p>\u200b<strong>Bisherige Berufsfelder&nbsp;(Soziale Arbeit, Betreuung und Beratung)<\/strong><\/p>\n\n\n\n<ul class=\"wp-block-list\"><li>Mehrj\u00e4hrige Erfahrung in der Arbeit mit Kindern und Jugendlichen im Station\u00e4ren Setting<\/li><li>Leitung einer Wohngruppe in einem Schulheim<\/li><li>1 Jahr Psychiatrische Tagesklinik f\u00fcr Erwachsene<\/li><li>5 Jahre Schulsozialarbeit (Beratung, Krisenintervention, Triage und Pr\u00e4vention)<\/li><li>Beratung von Kindern, Jugendlichen, Eltern und Erziehungsberechtigten<\/li><li>Intervision und Coaching von Lehrpersonen<\/li><li>Supervisiorin f\u00fcr Arbeitsagog*innen an der Academia Euregio<\/li><li>seit 2018 Abteilungsleitung einer Tagesstruktur f\u00fcr Menschen mit psychischen Beeintr\u00e4chtigungen<\/li><\/ul>\n\n\n\n<p><strong>Aus- und Weiterbildungen\u200b<\/strong><\/p>\n\n\n\n<ul class=\"wp-block-list\"><li>Studium Soziale Arbeit: Sozialp\u00e4dagogin FH, Basel (Abschluss 2007)<\/li><li>Master in Psychosozialem Management, Olten<br>CAS Strategien Sozialer Kompetenz<br>CAS Orienation Center und Selfmanagement<\/li><li>Weiterbildung in Systemischer Beratung, Bern<br>CAS Systemische Beratung<br>CAS Systemische Beratung f\u00fcr Familien, Paare und Gruppen\u200b<\/li><li>CAS Ausbildnerin f\u00fcr Studierende der Sozialen Arbeit, Olten<\/li><li>Diverse Fachkurse, Weiterbildungen und Tagungen in verschiedenen Bereichen<ul><li>Gewaltfreie Kommunikation, Krankheiten und St\u00f6rungsbilder im psychiatrischen Bereich, Gewaltpr\u00e4vention Schulsozialarbeit, Kindswohl, Recovery, &#8230;<\/li><\/ul><\/li><\/ul>\n\n\n\n<p>\u200b<\/p>\n","protected":false},"excerpt":{"rendered":"<p>Tel. +41 (0)79 455 50 33 E-Mail: info@steiger-beratung.ch Zur Person Ich lebe in Basel und geniesse die Stadt am Rhein. Ob beim Sport, mit einem guten Buch oder in Gespr\u00e4chen mit den unterschiedlichsten Menschen, f\u00fcr mich gibt es immer Etwas zu entdecken. Als (systemische) Beraterin m\u00f6chte ich Sie auf Ihrem Weg begleiten, Ihre Anliegen zu &hellip; <\/p>\n<p class=\"link-more\"><a href=\"https:\/\/beta.steiger-beratung.ch\/?page_id=45\" class=\"more-link\"><span class=\"screen-reader-text\">&#171;\u00dcber mich&#187;<\/span> weiterlesen<\/a><\/p>\n","protected":false},"author":1,"featured_media":0,"parent":0,"menu_order":3,"comment_status":"closed","ping_status":"closed","template":"","meta":{"footnotes":""},"class_list":["post-45","page","type-page","status-publish","hentry"],"_links":{"self":[{"href":"https:\/\/beta.steiger-beratung.ch\/index.php?rest_route=\/wp\/v2\/pages\/45","targetHints":{"allow":["GET"]}}],"collection":[{"href":"https:\/\/beta.steiger-beratung.ch\/index.php?rest_route=\/wp\/v2\/pages"}],"about":[{"href":"https:\/\/beta.steiger-beratung.ch\/index.php?rest_route=\/wp\/v2\/types\/page"}],"author":[{"embeddable":true,"href":"https:\/\/beta.steiger-beratung.ch\/index.php?rest_route=\/wp\/v2\/users\/1"}],"replies":[{"embeddable":true,"href":"https:\/\/beta.steiger-beratung.ch\/index.php?rest_route=%2Fwp%2Fv2%2Fcomments&post=45"}],"version-history":[{"count":15,"href":"https:\/\/beta.steiger-beratung.ch\/index.php?rest_route=\/wp\/v2\/pages\/45\/revisions"}],"predecessor-version":[{"id":246,"href":"https:\/\/beta.steiger-beratung.ch\/index.php?rest_route=\/wp\/v2\/pages\/45\/revisions\/246"}],"wp:attachment":[{"href":"https:\/\/beta.steiger-beratung.ch\/index.php?rest_route=%2Fwp%2Fv2%2Fmedia&parent=45"}],"curies":[{"name":"wp","href":"https:\/\/api.w.org\/{rel}","templated":true}]}}