{"id":53,"date":"2021-01-08T18:34:48","date_gmt":"2021-01-08T17:34:48","guid":{"rendered":"https:\/\/beta.steiger-beratung.ch\/?page_id=53"},"modified":"2022-02-05T23:04:43","modified_gmt":"2022-02-05T22:04:43","slug":"honorar-preis","status":"publish","type":"page","link":"https:\/\/beta.steiger-beratung.ch\/?page_id=53","title":{"rendered":"Honorar \/ Preis"},"content":{"rendered":"\n<ul class=\"wp-block-list\"><li>Das Erstgespr\u00e4ch ist unverbindlich und kostenlos. In einem kurzen Austausch kl\u00e4ren wir, ob es zu einer Zusammenarbeit kommt und wie diese aussieht. Die Zielsetzung halten wir in einem Kontrakt fest.<\/li><\/ul>\n\n\n\n<p><\/p>\n\n\n\n<ul class=\"wp-block-list\"><li>Meine Tarife orientieren sich an den branchen\u00fcblichen Ans\u00e4tzen. Gerne erstelle ich Ihnen eine unverbindliche Offerte f\u00fcr Ihr Anliegen.<\/li><\/ul>\n\n\n\n<p><\/p>\n\n\n\n<ul class=\"wp-block-list\"><li>Bei finanziellen Schwierigkeiten, nehmen Sie mit mir Kontakt auf und wir kl\u00e4ren die M\u00f6glichkeit der Unterst\u00fctzung ab.<\/li><\/ul>\n\n\n\n<p><\/p>\n","protected":false},"excerpt":{"rendered":"<p>Das Erstgespr\u00e4ch ist unverbindlich und kostenlos. In einem kurzen Austausch kl\u00e4ren wir, ob es zu einer Zusammenarbeit kommt und wie diese aussieht. Die Zielsetzung halten wir in einem Kontrakt fest. Meine Tarife orientieren sich an den branchen\u00fcblichen Ans\u00e4tzen. Gerne erstelle ich Ihnen eine unverbindliche Offerte f\u00fcr Ihr Anliegen. Bei finanziellen Schwierigkeiten, nehmen Sie mit mir &hellip; <\/p>\n<p class=\"link-more\"><a href=\"https:\/\/beta.steiger-beratung.ch\/?page_id=53\" class=\"more-link\"><span class=\"screen-reader-text\">&#171;Honorar \/ Preis&#187;<\/span> weiterlesen<\/a><\/p>\n","protected":false},"author":1,"featured_media":0,"parent":0,"menu_order":7,"comment_status":"closed","ping_status":"closed","template":"","meta":{"footnotes":""},"class_list":["post-53","page","type-page","status-publish","hentry"],"_links":{"self":[{"href":"https:\/\/beta.steiger-beratung.ch\/index.php?rest_route=\/wp\/v2\/pages\/53","targetHints":{"allow":["GET"]}}],"collection":[{"href":"https:\/\/beta.steiger-beratung.ch\/index.php?rest_route=\/wp\/v2\/pages"}],"about":[{"href":"https:\/\/beta.steiger-beratung.ch\/index.php?rest_route=\/wp\/v2\/types\/page"}],"author":[{"embeddable":true,"href":"https:\/\/beta.steiger-beratung.ch\/index.php?rest_route=\/wp\/v2\/users\/1"}],"replies":[{"embeddable":true,"href":"https:\/\/beta.steiger-beratung.ch\/index.php?rest_route=%2Fwp%2Fv2%2Fcomments&post=53"}],"version-history":[{"count":8,"href":"https:\/\/beta.steiger-beratung.ch\/index.php?rest_route=\/wp\/v2\/pages\/53\/revisions"}],"predecessor-version":[{"id":332,"href":"https:\/\/beta.steiger-beratung.ch\/index.php?rest_route=\/wp\/v2\/pages\/53\/revisions\/332"}],"wp:attachment":[{"href":"https:\/\/beta.steiger-beratung.ch\/index.php?rest_route=%2Fwp%2Fv2%2Fmedia&parent=53"}],"curies":[{"name":"wp","href":"https:\/\/api.w.org\/{rel}","templated":true}]}}