{"id":66,"date":"2021-01-08T18:51:29","date_gmt":"2021-01-08T17:51:29","guid":{"rendered":"https:\/\/beta.steiger-beratung.ch\/?page_id=66"},"modified":"2022-01-28T10:28:29","modified_gmt":"2022-01-28T09:28:29","slug":"einzelperson","status":"publish","type":"page","link":"https:\/\/beta.steiger-beratung.ch\/?page_id=66","title":{"rendered":"Einzelpersonen"},"content":{"rendered":"\n<p>Beratung und Coaching f\u00fcr Einzelpersonen k\u00f6nnen viele Themen umfassen. Hier eine Auswahl:<\/p>\n\n\n\n<ul class=\"wp-block-list\"><li>schwierige und herausfordernde Lebensabschnitte<\/li><li>Berufliche Themen und Neuorientierung<\/li><li>Finanzielle Sorgen<\/li><li>Schwierigkeiten in Partnerschaft und\/oder Familie<\/li><li>Stress \/ Burnout (auch Pr\u00e4vention)<\/li><li>Konflikte im Beruf<\/li><li>Lebenskrisen<\/li><li>Umgang mit Trauer und Verlust<\/li><li>Einzel-\/F\u00fchrungscoaching<\/li><li>und noch viel mehr&#8230;<\/li><\/ul>\n\n\n\n<p><\/p>\n\n\n\n<p>Ich m\u00f6chte Sie darin unterst\u00fctzen neue Erkenntnisse zu gewinnen, festgefahren Muster zu durchbrechen, zus\u00e4tzliche Handlungswege zu pr\u00fcfen und n\u00fctzliche Umsetzungsschritte zu definieren.<\/p>\n\n\n\n<p>Ich freue mich auf eine Kontaktaufnahme!<\/p>\n","protected":false},"excerpt":{"rendered":"<p>Beratung und Coaching f\u00fcr Einzelpersonen k\u00f6nnen viele Themen umfassen. Hier eine Auswahl: schwierige und herausfordernde Lebensabschnitte Berufliche Themen und Neuorientierung Finanzielle Sorgen Schwierigkeiten in Partnerschaft und\/oder Familie Stress \/ Burnout (auch Pr\u00e4vention) Konflikte im Beruf Lebenskrisen Umgang mit Trauer und Verlust Einzel-\/F\u00fchrungscoaching und noch viel mehr&#8230; Ich m\u00f6chte Sie darin unterst\u00fctzen neue Erkenntnisse zu gewinnen, &hellip; <\/p>\n<p class=\"link-more\"><a href=\"https:\/\/beta.steiger-beratung.ch\/?page_id=66\" class=\"more-link\"><span class=\"screen-reader-text\">&#171;Einzelpersonen&#187;<\/span> weiterlesen<\/a><\/p>\n","protected":false},"author":1,"featured_media":0,"parent":43,"menu_order":0,"comment_status":"closed","ping_status":"closed","template":"","meta":{"footnotes":""},"class_list":["post-66","page","type-page","status-publish","hentry"],"_links":{"self":[{"href":"https:\/\/beta.steiger-beratung.ch\/index.php?rest_route=\/wp\/v2\/pages\/66","targetHints":{"allow":["GET"]}}],"collection":[{"href":"https:\/\/beta.steiger-beratung.ch\/index.php?rest_route=\/wp\/v2\/pages"}],"about":[{"href":"https:\/\/beta.steiger-beratung.ch\/index.php?rest_route=\/wp\/v2\/types\/page"}],"author":[{"embeddable":true,"href":"https:\/\/beta.steiger-beratung.ch\/index.php?rest_route=\/wp\/v2\/users\/1"}],"replies":[{"embeddable":true,"href":"https:\/\/beta.steiger-beratung.ch\/index.php?rest_route=%2Fwp%2Fv2%2Fcomments&post=66"}],"version-history":[{"count":13,"href":"https:\/\/beta.steiger-beratung.ch\/index.php?rest_route=\/wp\/v2\/pages\/66\/revisions"}],"predecessor-version":[{"id":256,"href":"https:\/\/beta.steiger-beratung.ch\/index.php?rest_route=\/wp\/v2\/pages\/66\/revisions\/256"}],"up":[{"embeddable":true,"href":"https:\/\/beta.steiger-beratung.ch\/index.php?rest_route=\/wp\/v2\/pages\/43"}],"wp:attachment":[{"href":"https:\/\/beta.steiger-beratung.ch\/index.php?rest_route=%2Fwp%2Fv2%2Fmedia&parent=66"}],"curies":[{"name":"wp","href":"https:\/\/api.w.org\/{rel}","templated":true}]}}