{"id":68,"date":"2021-01-08T18:54:06","date_gmt":"2021-01-08T17:54:06","guid":{"rendered":"https:\/\/beta.steiger-beratung.ch\/?page_id=68"},"modified":"2022-01-28T10:29:51","modified_gmt":"2022-01-28T09:29:51","slug":"kinder-jugendliche","status":"publish","type":"page","link":"https:\/\/beta.steiger-beratung.ch\/?page_id=68","title":{"rendered":"Kinder\/Jugendliche"},"content":{"rendered":"\n<p>Hast du Sorgen oder \u00c4ngste? M\u00f6chtest du jemanden an deiner Seite haben, der dir zuh\u00f6rt? Es gibt immer wieder Momente, wo man gerne Hilfe hat. Hier ein paar Themen, die Du vielleicht kennst:<\/p>\n\n\n\n<ul class=\"wp-block-list\"><li>Sorgen in der Schule<\/li><li>Mobbing und Ausgrenzung<\/li><li>Streit in der Familie<\/li><li>Liebeskummer<\/li><li>Stress mit der Lehrperson<\/li><li>Pr\u00fcfungsangst, Notendruck und Schulstress<\/li><li>Streit mit Klassenkamerad*innen<\/li><li>Psychische Probleme<\/li><li>\u00c4ngste<\/li><li>und noch viel mehr&#8230;<\/li><\/ul>\n\n\n\n<p>F\u00fcr Kinder und Jugendliche biete ich immer wieder auch (Gruppen-) Kurse an, diese sind auch f\u00fcr Schulen und Klassen geeignet:<\/p>\n\n\n\n<ul class=\"wp-block-list\"><li>Selbstverteidigung<\/li><li>Stopp-Regel<\/li><li>Fair im Klassenzimmer<\/li><li>Mutig Mutig<\/li><li>Selbstwert \/ Selbstbewusstsein<\/li><li>Themenspezifische Treffen und Gruppen (bei Interesse bei mir nachfragen, ich f\u00fchre eine Interessensliste)<\/li><li>und vieles mehr&#8230;<\/li><\/ul>\n\n\n\n<p>Melde dich bei mir und wir sehen zusammen, ob ich Dir helfen kann&#8230;<\/p>\n","protected":false},"excerpt":{"rendered":"<p>Hast du Sorgen oder \u00c4ngste? M\u00f6chtest du jemanden an deiner Seite haben, der dir zuh\u00f6rt? Es gibt immer wieder Momente, wo man gerne Hilfe hat. Hier ein paar Themen, die Du vielleicht kennst: Sorgen in der Schule Mobbing und Ausgrenzung Streit in der Familie Liebeskummer Stress mit der Lehrperson Pr\u00fcfungsangst, Notendruck und Schulstress Streit mit &hellip; <\/p>\n<p class=\"link-more\"><a href=\"https:\/\/beta.steiger-beratung.ch\/?page_id=68\" class=\"more-link\"><span class=\"screen-reader-text\">&#171;Kinder\/Jugendliche&#187;<\/span> weiterlesen<\/a><\/p>\n","protected":false},"author":1,"featured_media":0,"parent":43,"menu_order":1,"comment_status":"closed","ping_status":"closed","template":"","meta":{"footnotes":""},"class_list":["post-68","page","type-page","status-publish","hentry"],"_links":{"self":[{"href":"https:\/\/beta.steiger-beratung.ch\/index.php?rest_route=\/wp\/v2\/pages\/68","targetHints":{"allow":["GET"]}}],"collection":[{"href":"https:\/\/beta.steiger-beratung.ch\/index.php?rest_route=\/wp\/v2\/pages"}],"about":[{"href":"https:\/\/beta.steiger-beratung.ch\/index.php?rest_route=\/wp\/v2\/types\/page"}],"author":[{"embeddable":true,"href":"https:\/\/beta.steiger-beratung.ch\/index.php?rest_route=\/wp\/v2\/users\/1"}],"replies":[{"embeddable":true,"href":"https:\/\/beta.steiger-beratung.ch\/index.php?rest_route=%2Fwp%2Fv2%2Fcomments&post=68"}],"version-history":[{"count":8,"href":"https:\/\/beta.steiger-beratung.ch\/index.php?rest_route=\/wp\/v2\/pages\/68\/revisions"}],"predecessor-version":[{"id":258,"href":"https:\/\/beta.steiger-beratung.ch\/index.php?rest_route=\/wp\/v2\/pages\/68\/revisions\/258"}],"up":[{"embeddable":true,"href":"https:\/\/beta.steiger-beratung.ch\/index.php?rest_route=\/wp\/v2\/pages\/43"}],"wp:attachment":[{"href":"https:\/\/beta.steiger-beratung.ch\/index.php?rest_route=%2Fwp%2Fv2%2Fmedia&parent=68"}],"curies":[{"name":"wp","href":"https:\/\/api.w.org\/{rel}","templated":true}]}}