{"id":72,"date":"2021-01-08T18:54:51","date_gmt":"2021-01-08T17:54:51","guid":{"rendered":"https:\/\/beta.steiger-beratung.ch\/?page_id=72"},"modified":"2022-01-28T10:31:49","modified_gmt":"2022-01-28T09:31:49","slug":"angehoerige","status":"publish","type":"page","link":"https:\/\/beta.steiger-beratung.ch\/?page_id=72","title":{"rendered":"Angeh\u00f6rige"},"content":{"rendered":"\n<p class=\"has-text-align-center\">Unterst\u00fctzen Sie eine nahestehende Person welche erkrankt ist?<\/p>\n\n\n\n<p class=\"has-text-align-center\">Brauchen Sie eine Auszeit als Helfer*in?<\/p>\n\n\n\n<p class=\"has-text-align-center\">Sind Sie manchmal ersch\u00f6pft und suchen einen Ort, wo Sie Kraft tanken k\u00f6nnen?<\/p>\n\n\n\n<p class=\"has-text-align-center\">M\u00f6chten Sie auch einmal Unterst\u00fctzung erhalten?<\/p>\n\n\n\n<p class=\"has-text-align-center\">Sind Sie als angeh\u00f6rige Person manchmal \u00fcberfordert?<\/p>\n\n\n\n<p class=\"has-text-align-center\">Gibt es Themen, welche Sie besch\u00e4ftigen?<\/p>\n\n\n\n<p><\/p>\n\n\n\n<p>Bei Krankheiten und in Belastungssitationen sind oft nicht nur die Betroffenen selbst, sondern ebenso die Angeh\u00f6rigen und nahestehenden Personen betroffen. Ich m\u00f6chte Ihnen eine M\u00f6glichkeit zum Austausch geben, und gemeinsam mit Ihnen Wege finden, wie Sie mit dieser Situation umgehen k\u00f6nnen. Ihre Unterst\u00fctzung ist eine wertvolle Ressource f\u00fcr die betroffenen Personen, gleichzeitig gilt es auch Sie vor einer \u00dcberforderung zu sch\u00fctzen.<\/p>\n\n\n\n<p><\/p>\n\n\n\n<p>Melden Sie sich bei mir, damit Sie einen Ort finden, wo Sie Raum f\u00fcr sich bekommen k\u00f6nnen.<\/p>\n","protected":false},"excerpt":{"rendered":"<p>Unterst\u00fctzen Sie eine nahestehende Person welche erkrankt ist? Brauchen Sie eine Auszeit als Helfer*in? Sind Sie manchmal ersch\u00f6pft und suchen einen Ort, wo Sie Kraft tanken k\u00f6nnen? M\u00f6chten Sie auch einmal Unterst\u00fctzung erhalten? Sind Sie als angeh\u00f6rige Person manchmal \u00fcberfordert? Gibt es Themen, welche Sie besch\u00e4ftigen? Bei Krankheiten und in Belastungssitationen sind oft nicht nur &hellip; <\/p>\n<p class=\"link-more\"><a href=\"https:\/\/beta.steiger-beratung.ch\/?page_id=72\" class=\"more-link\"><span class=\"screen-reader-text\">&#171;Angeh\u00f6rige&#187;<\/span> weiterlesen<\/a><\/p>\n","protected":false},"author":1,"featured_media":0,"parent":43,"menu_order":3,"comment_status":"closed","ping_status":"closed","template":"","meta":{"footnotes":""},"class_list":["post-72","page","type-page","status-publish","hentry"],"_links":{"self":[{"href":"https:\/\/beta.steiger-beratung.ch\/index.php?rest_route=\/wp\/v2\/pages\/72","targetHints":{"allow":["GET"]}}],"collection":[{"href":"https:\/\/beta.steiger-beratung.ch\/index.php?rest_route=\/wp\/v2\/pages"}],"about":[{"href":"https:\/\/beta.steiger-beratung.ch\/index.php?rest_route=\/wp\/v2\/types\/page"}],"author":[{"embeddable":true,"href":"https:\/\/beta.steiger-beratung.ch\/index.php?rest_route=\/wp\/v2\/users\/1"}],"replies":[{"embeddable":true,"href":"https:\/\/beta.steiger-beratung.ch\/index.php?rest_route=%2Fwp%2Fv2%2Fcomments&post=72"}],"version-history":[{"count":7,"href":"https:\/\/beta.steiger-beratung.ch\/index.php?rest_route=\/wp\/v2\/pages\/72\/revisions"}],"predecessor-version":[{"id":261,"href":"https:\/\/beta.steiger-beratung.ch\/index.php?rest_route=\/wp\/v2\/pages\/72\/revisions\/261"}],"up":[{"embeddable":true,"href":"https:\/\/beta.steiger-beratung.ch\/index.php?rest_route=\/wp\/v2\/pages\/43"}],"wp:attachment":[{"href":"https:\/\/beta.steiger-beratung.ch\/index.php?rest_route=%2Fwp%2Fv2%2Fmedia&parent=72"}],"curies":[{"name":"wp","href":"https:\/\/api.w.org\/{rel}","templated":true}]}}