{"id":74,"date":"2021-01-08T18:55:07","date_gmt":"2021-01-08T17:55:07","guid":{"rendered":"https:\/\/beta.steiger-beratung.ch\/?page_id=74"},"modified":"2022-01-28T10:33:53","modified_gmt":"2022-01-28T09:33:53","slug":"lehrstellencoaching","status":"publish","type":"page","link":"https:\/\/beta.steiger-beratung.ch\/?page_id=74","title":{"rendered":"Lehrstellen- \/Berufscoaching"},"content":{"rendered":"\n<p>Welche Lehre\/Stelle passt zu mir? Was soll ich Lernen? Wo will ich einmal arbeiten? Wie finde ich eine passende Stelle? Wie schreibe ich einen Lebenslauf? Wie funktioniert ein Vorstellungsgespr\u00e4ch? Wie erkl\u00e4re ich L\u00fccken im Lebenslauf?<\/p>\n\n\n\n<p><\/p>\n\n\n\n<p>Der Weg zu einer (Lehr-) Stelle stellt viele Herausforderungen. Gerne begleite ich Dich \/ Sie auf diesem Weg.<\/p>\n\n\n\n<p>Nehmen Sie daf\u00fcr unverbindlich mit mir Kontakt auf und wir kl\u00e4ren die m\u00f6glichen weiteren Schritte gemeinsam.<\/p>\n","protected":false},"excerpt":{"rendered":"<p>Welche Lehre\/Stelle passt zu mir? Was soll ich Lernen? Wo will ich einmal arbeiten? Wie finde ich eine passende Stelle? Wie schreibe ich einen Lebenslauf? Wie funktioniert ein Vorstellungsgespr\u00e4ch? Wie erkl\u00e4re ich L\u00fccken im Lebenslauf? Der Weg zu einer (Lehr-) Stelle stellt viele Herausforderungen. Gerne begleite ich Dich \/ Sie auf diesem Weg. Nehmen Sie &hellip; <\/p>\n<p class=\"link-more\"><a href=\"https:\/\/beta.steiger-beratung.ch\/?page_id=74\" class=\"more-link\"><span class=\"screen-reader-text\">&#171;Lehrstellen- \/Berufscoaching&#187;<\/span> weiterlesen<\/a><\/p>\n","protected":false},"author":1,"featured_media":0,"parent":43,"menu_order":4,"comment_status":"closed","ping_status":"closed","template":"","meta":{"footnotes":""},"class_list":["post-74","page","type-page","status-publish","hentry"],"_links":{"self":[{"href":"https:\/\/beta.steiger-beratung.ch\/index.php?rest_route=\/wp\/v2\/pages\/74","targetHints":{"allow":["GET"]}}],"collection":[{"href":"https:\/\/beta.steiger-beratung.ch\/index.php?rest_route=\/wp\/v2\/pages"}],"about":[{"href":"https:\/\/beta.steiger-beratung.ch\/index.php?rest_route=\/wp\/v2\/types\/page"}],"author":[{"embeddable":true,"href":"https:\/\/beta.steiger-beratung.ch\/index.php?rest_route=\/wp\/v2\/users\/1"}],"replies":[{"embeddable":true,"href":"https:\/\/beta.steiger-beratung.ch\/index.php?rest_route=%2Fwp%2Fv2%2Fcomments&post=74"}],"version-history":[{"count":6,"href":"https:\/\/beta.steiger-beratung.ch\/index.php?rest_route=\/wp\/v2\/pages\/74\/revisions"}],"predecessor-version":[{"id":264,"href":"https:\/\/beta.steiger-beratung.ch\/index.php?rest_route=\/wp\/v2\/pages\/74\/revisions\/264"}],"up":[{"embeddable":true,"href":"https:\/\/beta.steiger-beratung.ch\/index.php?rest_route=\/wp\/v2\/pages\/43"}],"wp:attachment":[{"href":"https:\/\/beta.steiger-beratung.ch\/index.php?rest_route=%2Fwp%2Fv2%2Fmedia&parent=74"}],"curies":[{"name":"wp","href":"https:\/\/api.w.org\/{rel}","templated":true}]}}