{"id":78,"date":"2021-01-08T18:55:53","date_gmt":"2021-01-08T17:55:53","guid":{"rendered":"https:\/\/beta.steiger-beratung.ch\/?page_id=78"},"modified":"2022-01-26T09:59:22","modified_gmt":"2022-01-26T08:59:22","slug":"weiterbildungen-vortraege","status":"publish","type":"page","link":"https:\/\/beta.steiger-beratung.ch\/?page_id=78","title":{"rendered":"Weiterbildungen \/ Vortr\u00e4ge \/ Moderation"},"content":{"rendered":"\n<p>Aufgrund meiner vielseitigen Erfahrungen und Interessen biete ich zu spezifischen Themen Weiterbildungen  \/ Vortr\u00e4ge an.<\/p>\n\n\n\n<ul class=\"wp-block-list\"><li>Schuldenpr\u00e4vention bei Kindern und Jugendlichen<\/li><li>Streit \/ Mobbing in Klassen &#8211; Faires Klassenzimmer<\/li><li>Gesunde Pausen im beruflichen Alltag<\/li><li>und vieles mehr &#8230;<\/li><\/ul>\n\n\n\n<p><\/p>\n\n\n\n<p><strong>Moderation<\/strong><\/p>\n\n\n\n<p>Oft macht es Sinn f\u00fcr Retraiten, Workshops oder Weiterbildungen eine externe Person f\u00fcr die Moderation zu engagieren. Ich unterst\u00fctze mit Hilfe von einer methodischen Anleitung den Prozess, so dass Sie sich auf die Erarbeitung des Inhalts konzentrieren k\u00f6nnen.<\/p>\n","protected":false},"excerpt":{"rendered":"<p>Aufgrund meiner vielseitigen Erfahrungen und Interessen biete ich zu spezifischen Themen Weiterbildungen \/ Vortr\u00e4ge an. Schuldenpr\u00e4vention bei Kindern und Jugendlichen Streit \/ Mobbing in Klassen &#8211; Faires Klassenzimmer Gesunde Pausen im beruflichen Alltag und vieles mehr &#8230; Moderation Oft macht es Sinn f\u00fcr Retraiten, Workshops oder Weiterbildungen eine externe Person f\u00fcr die Moderation zu engagieren. &hellip; <\/p>\n<p class=\"link-more\"><a href=\"https:\/\/beta.steiger-beratung.ch\/?page_id=78\" class=\"more-link\"><span class=\"screen-reader-text\">&#171;Weiterbildungen \/ Vortr\u00e4ge \/ Moderation&#187;<\/span> weiterlesen<\/a><\/p>\n","protected":false},"author":1,"featured_media":0,"parent":43,"menu_order":6,"comment_status":"closed","ping_status":"closed","template":"","meta":{"footnotes":""},"class_list":["post-78","page","type-page","status-publish","hentry"],"_links":{"self":[{"href":"https:\/\/beta.steiger-beratung.ch\/index.php?rest_route=\/wp\/v2\/pages\/78","targetHints":{"allow":["GET"]}}],"collection":[{"href":"https:\/\/beta.steiger-beratung.ch\/index.php?rest_route=\/wp\/v2\/pages"}],"about":[{"href":"https:\/\/beta.steiger-beratung.ch\/index.php?rest_route=\/wp\/v2\/types\/page"}],"author":[{"embeddable":true,"href":"https:\/\/beta.steiger-beratung.ch\/index.php?rest_route=\/wp\/v2\/users\/1"}],"replies":[{"embeddable":true,"href":"https:\/\/beta.steiger-beratung.ch\/index.php?rest_route=%2Fwp%2Fv2%2Fcomments&post=78"}],"version-history":[{"count":5,"href":"https:\/\/beta.steiger-beratung.ch\/index.php?rest_route=\/wp\/v2\/pages\/78\/revisions"}],"predecessor-version":[{"id":233,"href":"https:\/\/beta.steiger-beratung.ch\/index.php?rest_route=\/wp\/v2\/pages\/78\/revisions\/233"}],"up":[{"embeddable":true,"href":"https:\/\/beta.steiger-beratung.ch\/index.php?rest_route=\/wp\/v2\/pages\/43"}],"wp:attachment":[{"href":"https:\/\/beta.steiger-beratung.ch\/index.php?rest_route=%2Fwp%2Fv2%2Fmedia&parent=78"}],"curies":[{"name":"wp","href":"https:\/\/api.w.org\/{rel}","templated":true}]}}